{"id":43,"date":"2016-02-16T19:35:18","date_gmt":"2016-02-16T18:35:18","guid":{"rendered":"http:\/\/www.bilanz-buchhaltung.info\/vertrauenssache\/?page_id=43"},"modified":"2024-02-05T14:45:53","modified_gmt":"2024-02-05T13:45:53","slug":"interessante-links","status":"publish","type":"page","link":"https:\/\/www.bilanz-buchhaltung.info\/vertrauenssache\/interessante-links\/","title":{"rendered":"Interessante Links"},"content":{"rendered":"\n<p><\/p>\n\n\n<h1 style=\"text-align: center;\">\u00d6SV \u00d6sterreichischer Steuerverein<br \/>Steuermonitor<br \/><a href=\"http:\/\/www.steuermonitor.at\/\" target=\"_blank\" rel=\"noopener noreferrer\">zur Website<\/a><\/h1>\n<h1 style=\"text-align: center;\">B\u00d6B Bundesverband der \u00f6sterr. Bilanzbuchhalter<br \/><a href=\"http:\/\/www.boeb.at\/\" target=\"_blank\" rel=\"noopener noreferrer\">zur Website<\/a><\/h1>\n<h1 style=\"text-align: center;\">WOLF &amp; PARTNER<br \/>Steuerberater &amp; Unternehmensberater<br \/><a href=\"http:\/\/www.wolf-partner.at\/\" target=\"_blank\" rel=\"noopener noreferrer\">zur Website<\/a><\/h1>\n<h1 style=\"text-align: center;\">Eberl &amp; CO KEG<br \/>Obstverarbeitung<br \/><a href=\"http:\/\/www.obstverarbeitung-eberl.at\/\" target=\"_blank\" rel=\"noopener noreferrer\">zur Website<\/a><\/h1>\n<h1 style=\"text-align: center;\">REICH DER M\u00d6GLICHKEITEN<br \/><a href=\"http:\/\/www.reich-der-m\u00f6glichkeiten.at\" target=\"_blank\" rel=\"noopener noreferrer\">zur Website<\/a><\/h1>","protected":false},"excerpt":{"rendered":"<p>\u00d6SV \u00d6sterreichischer SteuervereinSteuermonitorzur Website B\u00d6B Bundesverband der \u00f6sterr. Bilanzbuchhalterzur Website WOLF &amp; PARTNERSteuerberater &amp; Unternehmensberaterzur Website Eberl &amp; CO KEGObstverarbeitungzur Website REICH DER M\u00d6GLICHKEITENzur Website<\/p>\n","protected":false},"author":1,"featured_media":0,"parent":0,"menu_order":0,"comment_status":"closed","ping_status":"closed","template":"nosidebar.php","meta":{"footnotes":""},"class_list":["post-43","page","type-page","status-publish","hentry"],"yoast_head":"<!-- This site is optimized with the Yoast SEO plugin v26.8 - https:\/\/yoast.com\/product\/yoast-seo-wordpress\/ -->\n<title>Interessante Links - VERTRAUENSSACHE BILANZBUCHHALTUNG<\/title>\n<meta name=\"robots\" content=\"index, follow, max-snippet:-1, max-image-preview:large, max-video-preview:-1\" \/>\n<link rel=\"canonical\" href=\"https:\/\/www.bilanz-buchhaltung.info\/vertrauenssache\/interessante-links\/\" \/>\n<meta property=\"og:locale\" content=\"de_DE\" \/>\n<meta property=\"og:type\" content=\"article\" \/>\n<meta property=\"og:title\" content=\"Interessante Links - VERTRAUENSSACHE BILANZBUCHHALTUNG\" \/>\n<meta property=\"og:description\" content=\"\u00d6SV \u00d6sterreichischer SteuervereinSteuermonitorzur Website B\u00d6B Bundesverband der \u00f6sterr. Bilanzbuchhalterzur Website WOLF &amp; PARTNERSteuerberater &amp; Unternehmensberaterzur Website Eberl &amp; CO KEGObstverarbeitungzur Website REICH DER M\u00d6GLICHKEITENzur Website\" \/>\n<meta property=\"og:url\" content=\"https:\/\/www.bilanz-buchhaltung.info\/vertrauenssache\/interessante-links\/\" \/>\n<meta property=\"og:site_name\" content=\"VERTRAUENSSACHE BILANZBUCHHALTUNG\" \/>\n<meta property=\"article:publisher\" content=\"https:\/\/www.facebook.com\/vertrauenssache.bilanzbuchhaltung\" \/>\n<meta property=\"article:modified_time\" content=\"2024-02-05T13:45:53+00:00\" \/>\n<meta name=\"twitter:card\" content=\"summary_large_image\" \/>\n<meta name=\"twitter:label1\" content=\"Gesch\u00e4tzte Lesezeit\" \/>\n\t<meta name=\"twitter:data1\" content=\"1\u00a0Minute\" \/>\n<script type=\"application\/ld+json\" class=\"yoast-schema-graph\">{\"@context\":\"https:\/\/schema.org\",\"@graph\":[{\"@type\":\"WebPage\",\"@id\":\"https:\/\/www.bilanz-buchhaltung.info\/vertrauenssache\/interessante-links\/\",\"url\":\"https:\/\/www.bilanz-buchhaltung.info\/vertrauenssache\/interessante-links\/\",\"name\":\"Interessante Links - VERTRAUENSSACHE BILANZBUCHHALTUNG\",\"isPartOf\":{\"@id\":\"https:\/\/www.bilanz-buchhaltung.info\/vertrauenssache\/#website\"},\"datePublished\":\"2016-02-16T18:35:18+00:00\",\"dateModified\":\"2024-02-05T13:45:53+00:00\",\"breadcrumb\":{\"@id\":\"https:\/\/www.bilanz-buchhaltung.info\/vertrauenssache\/interessante-links\/#breadcrumb\"},\"inLanguage\":\"de\",\"potentialAction\":[{\"@type\":\"ReadAction\",\"target\":[\"https:\/\/www.bilanz-buchhaltung.info\/vertrauenssache\/interessante-links\/\"]}]},{\"@type\":\"BreadcrumbList\",\"@id\":\"https:\/\/www.bilanz-buchhaltung.info\/vertrauenssache\/interessante-links\/#breadcrumb\",\"itemListElement\":[{\"@type\":\"ListItem\",\"position\":1,\"name\":\"Startseite\",\"item\":\"https:\/\/www.bilanz-buchhaltung.info\/vertrauenssache\/\"},{\"@type\":\"ListItem\",\"position\":2,\"name\":\"Interessante Links\"}]},{\"@type\":\"WebSite\",\"@id\":\"https:\/\/www.bilanz-buchhaltung.info\/vertrauenssache\/#website\",\"url\":\"https:\/\/www.bilanz-buchhaltung.info\/vertrauenssache\/\",\"name\":\"VERTRAUENSSACHE BILANZBUCHHALTUNG\",\"description\":\"EBERL OG\",\"publisher\":{\"@id\":\"https:\/\/www.bilanz-buchhaltung.info\/vertrauenssache\/#organization\"},\"potentialAction\":[{\"@type\":\"SearchAction\",\"target\":{\"@type\":\"EntryPoint\",\"urlTemplate\":\"https:\/\/www.bilanz-buchhaltung.info\/vertrauenssache\/?s={search_term_string}\"},\"query-input\":{\"@type\":\"PropertyValueSpecification\",\"valueRequired\":true,\"valueName\":\"search_term_string\"}}],\"inLanguage\":\"de\"},{\"@type\":\"Organization\",\"@id\":\"https:\/\/www.bilanz-buchhaltung.info\/vertrauenssache\/#organization\",\"name\":\"Bilanzbuchhaltung Anita Wolf-Eberl\",\"url\":\"https:\/\/www.bilanz-buchhaltung.info\/vertrauenssache\/\",\"logo\":{\"@type\":\"ImageObject\",\"inLanguage\":\"de\",\"@id\":\"https:\/\/www.bilanz-buchhaltung.info\/vertrauenssache\/#\/schema\/logo\/image\/\",\"url\":\"https:\/\/www.bilanz-buchhaltung.info\/vertrauenssache\/wp-content\/uploads\/2016\/02\/vertrauenssache-bilanzbuchhaltung.gif\",\"contentUrl\":\"https:\/\/www.bilanz-buchhaltung.info\/vertrauenssache\/wp-content\/uploads\/2016\/02\/vertrauenssache-bilanzbuchhaltung.gif\",\"width\":419,\"height\":109,\"caption\":\"Bilanzbuchhaltung Anita Wolf-Eberl\"},\"image\":{\"@id\":\"https:\/\/www.bilanz-buchhaltung.info\/vertrauenssache\/#\/schema\/logo\/image\/\"},\"sameAs\":[\"https:\/\/www.facebook.com\/vertrauenssache.bilanzbuchhaltung\"]}]}<\/script>\n<!-- \/ Yoast SEO plugin. -->","yoast_head_json":{"title":"Interessante Links - VERTRAUENSSACHE BILANZBUCHHALTUNG","robots":{"index":"index","follow":"follow","max-snippet":"max-snippet:-1","max-image-preview":"max-image-preview:large","max-video-preview":"max-video-preview:-1"},"canonical":"https:\/\/www.bilanz-buchhaltung.info\/vertrauenssache\/interessante-links\/","og_locale":"de_DE","og_type":"article","og_title":"Interessante Links - VERTRAUENSSACHE BILANZBUCHHALTUNG","og_description":"\u00d6SV \u00d6sterreichischer SteuervereinSteuermonitorzur Website B\u00d6B Bundesverband der \u00f6sterr. Bilanzbuchhalterzur Website WOLF &amp; PARTNERSteuerberater &amp; Unternehmensberaterzur Website Eberl &amp; CO KEGObstverarbeitungzur Website REICH DER M\u00d6GLICHKEITENzur Website","og_url":"https:\/\/www.bilanz-buchhaltung.info\/vertrauenssache\/interessante-links\/","og_site_name":"VERTRAUENSSACHE BILANZBUCHHALTUNG","article_publisher":"https:\/\/www.facebook.com\/vertrauenssache.bilanzbuchhaltung","article_modified_time":"2024-02-05T13:45:53+00:00","twitter_card":"summary_large_image","twitter_misc":{"Gesch\u00e4tzte Lesezeit":"1\u00a0Minute"},"schema":{"@context":"https:\/\/schema.org","@graph":[{"@type":"WebPage","@id":"https:\/\/www.bilanz-buchhaltung.info\/vertrauenssache\/interessante-links\/","url":"https:\/\/www.bilanz-buchhaltung.info\/vertrauenssache\/interessante-links\/","name":"Interessante Links - VERTRAUENSSACHE BILANZBUCHHALTUNG","isPartOf":{"@id":"https:\/\/www.bilanz-buchhaltung.info\/vertrauenssache\/#website"},"datePublished":"2016-02-16T18:35:18+00:00","dateModified":"2024-02-05T13:45:53+00:00","breadcrumb":{"@id":"https:\/\/www.bilanz-buchhaltung.info\/vertrauenssache\/interessante-links\/#breadcrumb"},"inLanguage":"de","potentialAction":[{"@type":"ReadAction","target":["https:\/\/www.bilanz-buchhaltung.info\/vertrauenssache\/interessante-links\/"]}]},{"@type":"BreadcrumbList","@id":"https:\/\/www.bilanz-buchhaltung.info\/vertrauenssache\/interessante-links\/#breadcrumb","itemListElement":[{"@type":"ListItem","position":1,"name":"Startseite","item":"https:\/\/www.bilanz-buchhaltung.info\/vertrauenssache\/"},{"@type":"ListItem","position":2,"name":"Interessante Links"}]},{"@type":"WebSite","@id":"https:\/\/www.bilanz-buchhaltung.info\/vertrauenssache\/#website","url":"https:\/\/www.bilanz-buchhaltung.info\/vertrauenssache\/","name":"VERTRAUENSSACHE BILANZBUCHHALTUNG","description":"EBERL OG","publisher":{"@id":"https:\/\/www.bilanz-buchhaltung.info\/vertrauenssache\/#organization"},"potentialAction":[{"@type":"SearchAction","target":{"@type":"EntryPoint","urlTemplate":"https:\/\/www.bilanz-buchhaltung.info\/vertrauenssache\/?s={search_term_string}"},"query-input":{"@type":"PropertyValueSpecification","valueRequired":true,"valueName":"search_term_string"}}],"inLanguage":"de"},{"@type":"Organization","@id":"https:\/\/www.bilanz-buchhaltung.info\/vertrauenssache\/#organization","name":"Bilanzbuchhaltung Anita Wolf-Eberl","url":"https:\/\/www.bilanz-buchhaltung.info\/vertrauenssache\/","logo":{"@type":"ImageObject","inLanguage":"de","@id":"https:\/\/www.bilanz-buchhaltung.info\/vertrauenssache\/#\/schema\/logo\/image\/","url":"https:\/\/www.bilanz-buchhaltung.info\/vertrauenssache\/wp-content\/uploads\/2016\/02\/vertrauenssache-bilanzbuchhaltung.gif","contentUrl":"https:\/\/www.bilanz-buchhaltung.info\/vertrauenssache\/wp-content\/uploads\/2016\/02\/vertrauenssache-bilanzbuchhaltung.gif","width":419,"height":109,"caption":"Bilanzbuchhaltung Anita Wolf-Eberl"},"image":{"@id":"https:\/\/www.bilanz-buchhaltung.info\/vertrauenssache\/#\/schema\/logo\/image\/"},"sameAs":["https:\/\/www.facebook.com\/vertrauenssache.bilanzbuchhaltung"]}]}},"_links":{"self":[{"href":"https:\/\/www.bilanz-buchhaltung.info\/vertrauenssache\/wp-json\/wp\/v2\/pages\/43","targetHints":{"allow":["GET"]}}],"collection":[{"href":"https:\/\/www.bilanz-buchhaltung.info\/vertrauenssache\/wp-json\/wp\/v2\/pages"}],"about":[{"href":"https:\/\/www.bilanz-buchhaltung.info\/vertrauenssache\/wp-json\/wp\/v2\/types\/page"}],"author":[{"embeddable":true,"href":"https:\/\/www.bilanz-buchhaltung.info\/vertrauenssache\/wp-json\/wp\/v2\/users\/1"}],"replies":[{"embeddable":true,"href":"https:\/\/www.bilanz-buchhaltung.info\/vertrauenssache\/wp-json\/wp\/v2\/comments?post=43"}],"version-history":[{"count":14,"href":"https:\/\/www.bilanz-buchhaltung.info\/vertrauenssache\/wp-json\/wp\/v2\/pages\/43\/revisions"}],"predecessor-version":[{"id":1522,"href":"https:\/\/www.bilanz-buchhaltung.info\/vertrauenssache\/wp-json\/wp\/v2\/pages\/43\/revisions\/1522"}],"wp:attachment":[{"href":"https:\/\/www.bilanz-buchhaltung.info\/vertrauenssache\/wp-json\/wp\/v2\/media?parent=43"}],"curies":[{"name":"wp","href":"https:\/\/api.w.org\/{rel}","templated":true}]}}