{"id":25,"date":"2016-02-16T19:24:54","date_gmt":"2016-02-16T18:24:54","guid":{"rendered":"http:\/\/www.bilanz-buchhaltung.info\/vertrauenssache\/?page_id=25"},"modified":"2026-01-19T09:02:55","modified_gmt":"2026-01-19T08:02:55","slug":"team","status":"publish","type":"page","link":"https:\/\/www.bilanz-buchhaltung.info\/vertrauenssache\/team\/","title":{"rendered":"Team"},"content":{"rendered":"<div id=\"footer-sidebar-1\">\n<p style=\"text-align: center;\"><strong>F\u00fcr Sie im B\u00fcro von<br \/><\/strong>Montag bis Donnerstag von 8.00 bis 13.00 Uhr<br \/>Nachmittags-Termine gerne nach telefonischer Voranmeldung.<br \/>An Fenstertagen geschlossen!<\/p>\n<\/div>\n\n\n<div style=\"height:30px\" aria-hidden=\"true\" class=\"wp-block-spacer\"><\/div>\n\n\n<div class=\"three-columns-one\">\n<h1><img loading=\"lazy\" decoding=\"async\" class=\"size-full wp-image-26 aligncenter\" src=\"https:\/\/www.bilanz-buchhaltung.info\/vertrauenssache\/wp-content\/uploads\/2016\/02\/anita-wolf.jpg\" alt=\"Anita Wolf-Eberl\" width=\"265\" height=\"365\" srcset=\"https:\/\/www.bilanz-buchhaltung.info\/vertrauenssache\/wp-content\/uploads\/2016\/02\/anita-wolf.jpg 265w, https:\/\/www.bilanz-buchhaltung.info\/vertrauenssache\/wp-content\/uploads\/2016\/02\/anita-wolf-218x300.jpg 218w\" sizes=\"auto, (max-width: 265px) 100vw, 265px\" \/><\/h1>\n<h1 style=\"text-align: center;\">Anita Wolf-Eberl<\/h1>\n<p style=\"text-align: center;\">F\u00fcr Sie da:<br \/>\n<\/strong>Montag bis Donnerstag von 8 bis 13 Uhr und nach Vereinbarung<br \/>\n<strong> <\/strong><\/p>\n<p style=\"text-align: center;\">Per E-Mail erreichen Sie mich unter:<br \/>\n<a href=\"mailto:wolf@bilanz-buchhaltung.info\">wolf@bilanz-buchhaltung.info<\/a><\/p>\n<p style=\"text-align: center;\"><strong>Ausbildung:<\/strong><br \/>\nAHS-Matura mit Hauptfach Informatik<br \/>\nWIFI Diplom als Buchhalterin<br \/>\nWIFI Diplom als Bilanzbuchhalterin<br \/>\nPraxisjahr beim Steuerberater<br \/>\nmehrj\u00e4hrige Praxis im B\u00fcro und in der Buchhaltung (v.a. E\/A Rechnung)<br \/>\npermanente Weiterbildung durch Kurse und Seminare am WIFI<br \/>\nWIFI Diplom als Personalverrechnerin<br \/>\nWIFI Diplom als Lehrbeauftragte f\u00fcr die Erwachsenenbildung<br \/>\nUniversity of Cambridge ESOL Level 2 | Certificate in Advanced English (Council of Europe Level C1)<br \/>\nUniversity of Cambridge ESOL Level 2 | Business English Certificate Higher (Council of Europe Level C1)<br \/>\nUniversity of Cambridge ESOL Level 3 | Certificate of Proficiency in English (Council of Europe Level C2)<\/p>\n<\/div>\n\n\n<div class=\"three-columns-one last\">\n<h1><img loading=\"lazy\" decoding=\"async\" class=\"aligncenter wp-image-1450 size-full\" src=\"https:\/\/www.bilanz-buchhaltung.info\/vertrauenssache\/wp-content\/uploads\/2023\/08\/jakob-eberl.jpg\" alt=\"\" width=\"263\" height=\"364\" srcset=\"https:\/\/www.bilanz-buchhaltung.info\/vertrauenssache\/wp-content\/uploads\/2023\/08\/jakob-eberl.jpg 263w, https:\/\/www.bilanz-buchhaltung.info\/vertrauenssache\/wp-content\/uploads\/2023\/08\/jakob-eberl-217x300.jpg 217w\" sizes=\"auto, (max-width: 263px) 100vw, 263px\" \/><\/h1>\n<h1 style=\"text-align: center;\">Jakob Eberl<\/h1>\n<p style=\"text-align: center;\">F\u00fcr Sie da:<strong><br \/>\n<\/strong>derzeit absolviere ich meinen<br \/>Zivildienst beim Roten Kreuz<br \/>\n<br \/>Termine daher bis Ende September<br \/>nur nach Vereinbarung.<\/p>\n<p style=\"text-align: center;\">Per E-Mail erreichen Sie mich unter:<br \/>\n<a href=\"mailto:eberl@bilanz-buchhaltung.info\">eberl@bilanz-buchhaltung.info<\/a><\/p>\n<p style=\"text-align: center;\"><strong>Ausbildung:<br \/>\n<\/strong>WIFI Diplom als Buchhalter<br \/>WIFI Diplom als Personalverrechner<br \/>\nAusbildung zum Bilanzbuchhalter<\/p>\n<\/div>\n\n\n<div class=\"three-columns-one\">\n<h1><img loading=\"lazy\" decoding=\"async\" class=\"size-full wp-image-27 aligncenter\" src=\"https:\/\/www.bilanz-buchhaltung.info\/vertrauenssache\/wp-content\/uploads\/2016\/02\/martina-brandl.jpg\" alt=\"Martina Brandl\" width=\"265\" height=\"365\" srcset=\"https:\/\/www.bilanz-buchhaltung.info\/vertrauenssache\/wp-content\/uploads\/2016\/02\/martina-brandl.jpg 265w, https:\/\/www.bilanz-buchhaltung.info\/vertrauenssache\/wp-content\/uploads\/2016\/02\/martina-brandl-218x300.jpg 218w\" sizes=\"auto, (max-width: 265px) 100vw, 265px\" \/><\/h1>\n<h1 style=\"text-align: center;\">Martina Brandl<\/h1>\n<p style=\"text-align: center;\">F\u00fcr Sie da:<strong><br \/>\n<\/strong>Montag bist Mittwoch<b><br \/>\nvon 8 bis 12 Uhr und nach<b> Vereinbarung<br \/>\n<strong> <\/strong><\/p>\n<p style=\"text-align: center;\">Per E-Mail erreichen Sie mich unter:<br \/>\n<a href=\"mailto:brandl@bilanz-buchhaltung.info\">brandl@bilanz-buchhaltung.info<\/a><\/p>\n<p style=\"text-align: center;\"><strong>Ausbildung:<br \/>\n<\/strong>WIFI Diplom als Buchhalterin<br \/>\nmehrj\u00e4hrige Erfahrung im Gro\u00dfhandel<br \/>\nlangj\u00e4hrige Praxis in der Bearbeitung von Geb\u00e4udeverwaltung<\/p>\n<\/div>\n\n\n<div class=\"divider\"><\/div>\n\n\n\n<h1 class=\"wp-block-heading\">&nbsp;<\/h1>\n\n\n\n<h1 class=\"wp-block-heading\">&nbsp;<\/h1>\n\n\n\n<h1 class=\"wp-block-heading has-text-align-center\"><span style=\"color: #fdac0a;\">Jedes Problem hat seine L\u00f6sung!<\/span><br><span style=\"color: #fdac0a;\">Gerne sind wir bereit, nach der richtigen L\u00f6sung f\u00fcr Sie zu suchen.<\/span><\/h1>\n\n\n\n<h1 class=\"wp-block-heading has-text-align-center\"><span style=\"color: #fdac0a;\"><u>SIE<\/u> k\u00fcmmern sich um die Kerngesch\u00e4fte und planen entspannt Ihre Freizeit.<\/span><br><span style=\"color: #fdac0a;\"><u>WIR<\/u> erledigen Ihre Buchhaltung, Ihre Faktura, die Lohnverrechnung und Ihren Zahlungsverkehr und sind die ideale Schnittstelle zu Steuerberatern, Unternehmensberatern, Banken, Beh\u00f6rden, Rechtsanw\u00e4lten, Notaren &#8230;<\/span><\/h1>\n\n\n\n<p><span style=\"border-radius: 2px; text-indent: 20px; width: auto; padding: 0px 4px 0px 0px; text-align: center; font: bold 11px\/20px 'Helvetica Neue',Helvetica,sans-serif; color: #ffffff; background: #bd081c no-repeat scroll 3px 50% \/ 14px 14px; position: absolute; opacity: 1; z-index: 8675309; display: none; cursor: pointer; top: 1365px; left: 20px;\">Merken<\/span><\/p>\n\n\n\n<p><span style=\"border-radius: 2px; text-indent: 20px; width: auto; padding: 0px 4px 0px 0px; text-align: center; font: bold 11px\/20px 'Helvetica Neue',Helvetica,sans-serif; color: #ffffff; background: #bd081c no-repeat scroll 3px 50% \/ 14px 14px; position: absolute; opacity: 1; z-index: 8675309; display: none; cursor: pointer; top: 1365px; left: 20px;\">Merken<\/span><\/p>\n\n\n\n<p><span style=\"border-radius: 2px; text-indent: 20px; width: auto; padding: 0px 4px 0px 0px; text-align: center; font: bold 11px\/20px 'Helvetica Neue',Helvetica,sans-serif; color: #ffffff; background: #bd081c no-repeat scroll 3px 50% \/ 14px 14px; position: absolute; opacity: 1; z-index: 8675309; display: none; cursor: pointer;\">Merken<\/span><\/p>\n\n\n\n<p><span style=\"border-radius: 2px; text-indent: 20px; width: auto; padding: 0px 4px 0px 0px; text-align: center; font: bold 11px\/20px 'Helvetica Neue',Helvetica,sans-serif; color: #ffffff; background: #bd081c no-repeat scroll 3px 50% \/ 14px 14px; position: absolute; opacity: 1; z-index: 8675309; display: none; cursor: pointer;\">Merken<\/span><\/p>\n\n\n\n<p><span style=\"border-radius: 2px; text-indent: 20px; width: auto; padding: 0px 4px 0px 0px; text-align: center; font: bold 11px\/20px 'Helvetica Neue',Helvetica,sans-serif; color: #ffffff; background: #bd081c no-repeat scroll 3px 50% \/ 14px 14px; position: absolute; opacity: 1; z-index: 8675309; display: none; cursor: pointer;\">Merken<\/span><\/p>\n\n\n\n<p><span style=\"border-radius: 2px; text-indent: 20px; width: auto; padding: 0px 4px 0px 0px; text-align: center; font: bold 11px\/20px 'Helvetica Neue',Helvetica,sans-serif; color: #ffffff; background: #bd081c no-repeat scroll 3px 50% \/ 14px 14px; position: absolute; opacity: 1; z-index: 8675309; display: none; cursor: pointer; top: 1366px; left: 20px;\">Merken<\/span><\/p>\n\n\n\n<p><span style=\"border-radius: 2px; text-indent: 20px; width: auto; padding: 0px 4px 0px 0px; text-align: center; font: bold 11px\/20px 'Helvetica Neue',Helvetica,sans-serif; color: #ffffff; background: #bd081c no-repeat scroll 3px 50% \/ 14px 14px; position: absolute; opacity: 1; z-index: 8675309; display: none; cursor: pointer;\">Merken<\/span><\/p>\n\n\n\n<p><span style=\"border-radius: 2px; text-indent: 20px; width: auto; padding: 0px 4px 0px 0px; text-align: center; font: bold 11px\/20px 'Helvetica Neue',Helvetica,sans-serif; color: #ffffff; background: #bd081c no-repeat scroll 3px 50% \/ 14px 14px; position: absolute; opacity: 1; z-index: 8675309; display: none; cursor: pointer; top: 1366px; left: 20px;\">Merken<\/span><\/p>\n\n\n\n<p><span style=\"border-radius: 2px; text-indent: 20px; width: auto; padding: 0px 4px 0px 0px; text-align: center; font: bold 11px\/20px 'Helvetica Neue',Helvetica,sans-serif; color: #ffffff; background: #bd081c no-repeat scroll 3px 50% \/ 14px 14px; position: absolute; opacity: 1; z-index: 8675309; display: none; cursor: pointer; top: 1366px; left: 20px;\">Merken<\/span><\/p>\n\n\n\n<p><span style=\"border-radius: 2px; text-indent: 20px; width: auto; padding: 0px 4px 0px 0px; text-align: center; font: bold 11px\/20px 'Helvetica Neue',Helvetica,sans-serif; color: #ffffff; background: #bd081c no-repeat scroll 3px 50% \/ 14px 14px; position: absolute; opacity: 1; z-index: 8675309; display: none; cursor: pointer;\">Merken<\/span><\/p>\n","protected":false},"excerpt":{"rendered":"<p>F\u00fcr Sie im B\u00fcro vonMontag bis Donnerstag von 8.00 bis 13.00 UhrNachmittags-Termine gerne nach telefonischer Voranmeldung.An Fenstertagen geschlossen! &nbsp; &nbsp; Jedes Problem hat seine L\u00f6sung!Gerne sind wir bereit, nach der richtigen L\u00f6sung f\u00fcr Sie zu &hellip; <a href=\"https:\/\/www.bilanz-buchhaltung.info\/vertrauenssache\/team\/\">Weiterlesen<\/a><\/p>\n","protected":false},"author":1,"featured_media":0,"parent":0,"menu_order":0,"comment_status":"closed","ping_status":"closed","template":"fullwidth.php","meta":{"footnotes":""},"class_list":["post-25","page","type-page","status-publish","hentry"],"yoast_head":"<!-- This site is optimized with the Yoast SEO plugin v26.8 - https:\/\/yoast.com\/product\/yoast-seo-wordpress\/ -->\n<title>Team - VERTRAUENSSACHE BILANZBUCHHALTUNG<\/title>\n<meta name=\"robots\" content=\"index, follow, max-snippet:-1, max-image-preview:large, max-video-preview:-1\" \/>\n<link rel=\"canonical\" href=\"https:\/\/www.bilanz-buchhaltung.info\/vertrauenssache\/team\/\" \/>\n<meta property=\"og:locale\" content=\"de_DE\" \/>\n<meta property=\"og:type\" content=\"article\" \/>\n<meta property=\"og:title\" content=\"Team - VERTRAUENSSACHE BILANZBUCHHALTUNG\" \/>\n<meta property=\"og:description\" content=\"F\u00fcr Sie im B\u00fcro vonMontag bis Donnerstag von 8.00 bis 13.00 UhrNachmittags-Termine gerne nach telefonischer Voranmeldung.An Fenstertagen geschlossen! &nbsp; &nbsp; Jedes Problem hat seine L\u00f6sung!Gerne sind wir bereit, nach der richtigen L\u00f6sung f\u00fcr Sie zu &hellip; Weiterlesen\" \/>\n<meta property=\"og:url\" content=\"https:\/\/www.bilanz-buchhaltung.info\/vertrauenssache\/team\/\" \/>\n<meta property=\"og:site_name\" content=\"VERTRAUENSSACHE BILANZBUCHHALTUNG\" \/>\n<meta property=\"article:publisher\" content=\"https:\/\/www.facebook.com\/vertrauenssache.bilanzbuchhaltung\" \/>\n<meta property=\"article:modified_time\" content=\"2026-01-19T08:02:55+00:00\" \/>\n<meta property=\"og:image\" content=\"https:\/\/www.bilanz-buchhaltung.info\/vertrauenssache\/wp-content\/uploads\/2016\/02\/anita-wolf.jpg\" \/>\n\t<meta property=\"og:image:width\" content=\"265\" \/>\n\t<meta property=\"og:image:height\" content=\"365\" \/>\n\t<meta property=\"og:image:type\" content=\"image\/jpeg\" \/>\n<meta name=\"twitter:card\" content=\"summary_large_image\" \/>\n<meta name=\"twitter:label1\" content=\"Gesch\u00e4tzte Lesezeit\" \/>\n\t<meta name=\"twitter:data1\" content=\"3\u00a0Minuten\" \/>\n<script type=\"application\/ld+json\" class=\"yoast-schema-graph\">{\"@context\":\"https:\/\/schema.org\",\"@graph\":[{\"@type\":\"WebPage\",\"@id\":\"https:\/\/www.bilanz-buchhaltung.info\/vertrauenssache\/team\/\",\"url\":\"https:\/\/www.bilanz-buchhaltung.info\/vertrauenssache\/team\/\",\"name\":\"Team - VERTRAUENSSACHE BILANZBUCHHALTUNG\",\"isPartOf\":{\"@id\":\"https:\/\/www.bilanz-buchhaltung.info\/vertrauenssache\/#website\"},\"primaryImageOfPage\":{\"@id\":\"https:\/\/www.bilanz-buchhaltung.info\/vertrauenssache\/team\/#primaryimage\"},\"image\":{\"@id\":\"https:\/\/www.bilanz-buchhaltung.info\/vertrauenssache\/team\/#primaryimage\"},\"thumbnailUrl\":\"https:\/\/www.bilanz-buchhaltung.info\/vertrauenssache\/wp-content\/uploads\/2016\/02\/anita-wolf.jpg\",\"datePublished\":\"2016-02-16T18:24:54+00:00\",\"dateModified\":\"2026-01-19T08:02:55+00:00\",\"breadcrumb\":{\"@id\":\"https:\/\/www.bilanz-buchhaltung.info\/vertrauenssache\/team\/#breadcrumb\"},\"inLanguage\":\"de\",\"potentialAction\":[{\"@type\":\"ReadAction\",\"target\":[\"https:\/\/www.bilanz-buchhaltung.info\/vertrauenssache\/team\/\"]}]},{\"@type\":\"ImageObject\",\"inLanguage\":\"de\",\"@id\":\"https:\/\/www.bilanz-buchhaltung.info\/vertrauenssache\/team\/#primaryimage\",\"url\":\"https:\/\/www.bilanz-buchhaltung.info\/vertrauenssache\/wp-content\/uploads\/2016\/02\/anita-wolf.jpg\",\"contentUrl\":\"https:\/\/www.bilanz-buchhaltung.info\/vertrauenssache\/wp-content\/uploads\/2016\/02\/anita-wolf.jpg\",\"width\":265,\"height\":365,\"caption\":\"Anita Wolf-Eberl\"},{\"@type\":\"BreadcrumbList\",\"@id\":\"https:\/\/www.bilanz-buchhaltung.info\/vertrauenssache\/team\/#breadcrumb\",\"itemListElement\":[{\"@type\":\"ListItem\",\"position\":1,\"name\":\"Startseite\",\"item\":\"https:\/\/www.bilanz-buchhaltung.info\/vertrauenssache\/\"},{\"@type\":\"ListItem\",\"position\":2,\"name\":\"Team\"}]},{\"@type\":\"WebSite\",\"@id\":\"https:\/\/www.bilanz-buchhaltung.info\/vertrauenssache\/#website\",\"url\":\"https:\/\/www.bilanz-buchhaltung.info\/vertrauenssache\/\",\"name\":\"VERTRAUENSSACHE BILANZBUCHHALTUNG\",\"description\":\"EBERL OG\",\"publisher\":{\"@id\":\"https:\/\/www.bilanz-buchhaltung.info\/vertrauenssache\/#organization\"},\"potentialAction\":[{\"@type\":\"SearchAction\",\"target\":{\"@type\":\"EntryPoint\",\"urlTemplate\":\"https:\/\/www.bilanz-buchhaltung.info\/vertrauenssache\/?s={search_term_string}\"},\"query-input\":{\"@type\":\"PropertyValueSpecification\",\"valueRequired\":true,\"valueName\":\"search_term_string\"}}],\"inLanguage\":\"de\"},{\"@type\":\"Organization\",\"@id\":\"https:\/\/www.bilanz-buchhaltung.info\/vertrauenssache\/#organization\",\"name\":\"Bilanzbuchhaltung Anita Wolf-Eberl\",\"url\":\"https:\/\/www.bilanz-buchhaltung.info\/vertrauenssache\/\",\"logo\":{\"@type\":\"ImageObject\",\"inLanguage\":\"de\",\"@id\":\"https:\/\/www.bilanz-buchhaltung.info\/vertrauenssache\/#\/schema\/logo\/image\/\",\"url\":\"https:\/\/www.bilanz-buchhaltung.info\/vertrauenssache\/wp-content\/uploads\/2016\/02\/vertrauenssache-bilanzbuchhaltung.gif\",\"contentUrl\":\"https:\/\/www.bilanz-buchhaltung.info\/vertrauenssache\/wp-content\/uploads\/2016\/02\/vertrauenssache-bilanzbuchhaltung.gif\",\"width\":419,\"height\":109,\"caption\":\"Bilanzbuchhaltung Anita Wolf-Eberl\"},\"image\":{\"@id\":\"https:\/\/www.bilanz-buchhaltung.info\/vertrauenssache\/#\/schema\/logo\/image\/\"},\"sameAs\":[\"https:\/\/www.facebook.com\/vertrauenssache.bilanzbuchhaltung\"]}]}<\/script>\n<!-- \/ Yoast SEO plugin. -->","yoast_head_json":{"title":"Team - VERTRAUENSSACHE BILANZBUCHHALTUNG","robots":{"index":"index","follow":"follow","max-snippet":"max-snippet:-1","max-image-preview":"max-image-preview:large","max-video-preview":"max-video-preview:-1"},"canonical":"https:\/\/www.bilanz-buchhaltung.info\/vertrauenssache\/team\/","og_locale":"de_DE","og_type":"article","og_title":"Team - VERTRAUENSSACHE BILANZBUCHHALTUNG","og_description":"F\u00fcr Sie im B\u00fcro vonMontag bis Donnerstag von 8.00 bis 13.00 UhrNachmittags-Termine gerne nach telefonischer Voranmeldung.An Fenstertagen geschlossen! &nbsp; &nbsp; Jedes Problem hat seine L\u00f6sung!Gerne sind wir bereit, nach der richtigen L\u00f6sung f\u00fcr Sie zu &hellip; Weiterlesen","og_url":"https:\/\/www.bilanz-buchhaltung.info\/vertrauenssache\/team\/","og_site_name":"VERTRAUENSSACHE BILANZBUCHHALTUNG","article_publisher":"https:\/\/www.facebook.com\/vertrauenssache.bilanzbuchhaltung","article_modified_time":"2026-01-19T08:02:55+00:00","og_image":[{"width":265,"height":365,"url":"https:\/\/www.bilanz-buchhaltung.info\/vertrauenssache\/wp-content\/uploads\/2016\/02\/anita-wolf.jpg","type":"image\/jpeg"}],"twitter_card":"summary_large_image","twitter_misc":{"Gesch\u00e4tzte Lesezeit":"3\u00a0Minuten"},"schema":{"@context":"https:\/\/schema.org","@graph":[{"@type":"WebPage","@id":"https:\/\/www.bilanz-buchhaltung.info\/vertrauenssache\/team\/","url":"https:\/\/www.bilanz-buchhaltung.info\/vertrauenssache\/team\/","name":"Team - VERTRAUENSSACHE BILANZBUCHHALTUNG","isPartOf":{"@id":"https:\/\/www.bilanz-buchhaltung.info\/vertrauenssache\/#website"},"primaryImageOfPage":{"@id":"https:\/\/www.bilanz-buchhaltung.info\/vertrauenssache\/team\/#primaryimage"},"image":{"@id":"https:\/\/www.bilanz-buchhaltung.info\/vertrauenssache\/team\/#primaryimage"},"thumbnailUrl":"https:\/\/www.bilanz-buchhaltung.info\/vertrauenssache\/wp-content\/uploads\/2016\/02\/anita-wolf.jpg","datePublished":"2016-02-16T18:24:54+00:00","dateModified":"2026-01-19T08:02:55+00:00","breadcrumb":{"@id":"https:\/\/www.bilanz-buchhaltung.info\/vertrauenssache\/team\/#breadcrumb"},"inLanguage":"de","potentialAction":[{"@type":"ReadAction","target":["https:\/\/www.bilanz-buchhaltung.info\/vertrauenssache\/team\/"]}]},{"@type":"ImageObject","inLanguage":"de","@id":"https:\/\/www.bilanz-buchhaltung.info\/vertrauenssache\/team\/#primaryimage","url":"https:\/\/www.bilanz-buchhaltung.info\/vertrauenssache\/wp-content\/uploads\/2016\/02\/anita-wolf.jpg","contentUrl":"https:\/\/www.bilanz-buchhaltung.info\/vertrauenssache\/wp-content\/uploads\/2016\/02\/anita-wolf.jpg","width":265,"height":365,"caption":"Anita Wolf-Eberl"},{"@type":"BreadcrumbList","@id":"https:\/\/www.bilanz-buchhaltung.info\/vertrauenssache\/team\/#breadcrumb","itemListElement":[{"@type":"ListItem","position":1,"name":"Startseite","item":"https:\/\/www.bilanz-buchhaltung.info\/vertrauenssache\/"},{"@type":"ListItem","position":2,"name":"Team"}]},{"@type":"WebSite","@id":"https:\/\/www.bilanz-buchhaltung.info\/vertrauenssache\/#website","url":"https:\/\/www.bilanz-buchhaltung.info\/vertrauenssache\/","name":"VERTRAUENSSACHE BILANZBUCHHALTUNG","description":"EBERL OG","publisher":{"@id":"https:\/\/www.bilanz-buchhaltung.info\/vertrauenssache\/#organization"},"potentialAction":[{"@type":"SearchAction","target":{"@type":"EntryPoint","urlTemplate":"https:\/\/www.bilanz-buchhaltung.info\/vertrauenssache\/?s={search_term_string}"},"query-input":{"@type":"PropertyValueSpecification","valueRequired":true,"valueName":"search_term_string"}}],"inLanguage":"de"},{"@type":"Organization","@id":"https:\/\/www.bilanz-buchhaltung.info\/vertrauenssache\/#organization","name":"Bilanzbuchhaltung Anita Wolf-Eberl","url":"https:\/\/www.bilanz-buchhaltung.info\/vertrauenssache\/","logo":{"@type":"ImageObject","inLanguage":"de","@id":"https:\/\/www.bilanz-buchhaltung.info\/vertrauenssache\/#\/schema\/logo\/image\/","url":"https:\/\/www.bilanz-buchhaltung.info\/vertrauenssache\/wp-content\/uploads\/2016\/02\/vertrauenssache-bilanzbuchhaltung.gif","contentUrl":"https:\/\/www.bilanz-buchhaltung.info\/vertrauenssache\/wp-content\/uploads\/2016\/02\/vertrauenssache-bilanzbuchhaltung.gif","width":419,"height":109,"caption":"Bilanzbuchhaltung Anita Wolf-Eberl"},"image":{"@id":"https:\/\/www.bilanz-buchhaltung.info\/vertrauenssache\/#\/schema\/logo\/image\/"},"sameAs":["https:\/\/www.facebook.com\/vertrauenssache.bilanzbuchhaltung"]}]}},"_links":{"self":[{"href":"https:\/\/www.bilanz-buchhaltung.info\/vertrauenssache\/wp-json\/wp\/v2\/pages\/25","targetHints":{"allow":["GET"]}}],"collection":[{"href":"https:\/\/www.bilanz-buchhaltung.info\/vertrauenssache\/wp-json\/wp\/v2\/pages"}],"about":[{"href":"https:\/\/www.bilanz-buchhaltung.info\/vertrauenssache\/wp-json\/wp\/v2\/types\/page"}],"author":[{"embeddable":true,"href":"https:\/\/www.bilanz-buchhaltung.info\/vertrauenssache\/wp-json\/wp\/v2\/users\/1"}],"replies":[{"embeddable":true,"href":"https:\/\/www.bilanz-buchhaltung.info\/vertrauenssache\/wp-json\/wp\/v2\/comments?post=25"}],"version-history":[{"count":316,"href":"https:\/\/www.bilanz-buchhaltung.info\/vertrauenssache\/wp-json\/wp\/v2\/pages\/25\/revisions"}],"predecessor-version":[{"id":1633,"href":"https:\/\/www.bilanz-buchhaltung.info\/vertrauenssache\/wp-json\/wp\/v2\/pages\/25\/revisions\/1633"}],"wp:attachment":[{"href":"https:\/\/www.bilanz-buchhaltung.info\/vertrauenssache\/wp-json\/wp\/v2\/media?parent=25"}],"curies":[{"name":"wp","href":"https:\/\/api.w.org\/{rel}","templated":true}]}}