{"id":2,"date":"2016-02-16T18:34:53","date_gmt":"2016-02-16T17:34:53","guid":{"rendered":""},"modified":"2026-01-07T09:27:13","modified_gmt":"2026-01-07T08:27:13","slug":"beispiel-seite","status":"publish","type":"page","link":"https:\/\/www.bilanz-buchhaltung.info\/vertrauenssache\/","title":{"rendered":""},"content":{"rendered":"\n<h2 class=\"wp-block-heading alignwide has-text-align-center\" id=\"we-re-a-studio-in-berlin-with-an-international-practice-in-architecture-urban-planning-and-interior-design-we-believe-in-sharing-knowledge-and-promoting-dialogue-to-increase-the-creative-potential-of-collaboration\" style=\"font-size:48px;line-height:1.1\">Vertrauenssache Bilanzbuchhaltung<\/h2>\n\n\n\n<h2 class=\"wp-block-heading alignwide has-text-align-center\" id=\"we-re-a-studio-in-berlin-with-an-international-practice-in-architecture-urban-planning-and-interior-design-we-believe-in-sharing-knowledge-and-promoting-dialogue-to-increase-the-creative-potential-of-collaboration\" style=\"font-size:48px;line-height:1.1\">EBERL OG<br><\/h2>\n\n\n\n<div style=\"height:20px\" aria-hidden=\"true\" class=\"wp-block-spacer\"><\/div>\n\n\n\n<h1 class=\"wp-block-heading has-text-align-center has-text-color\" style=\"color:#fdac0a\">&#8222;Wenn Sie selbst den Kopf frei brauchen f\u00fcr die wesentlichen Dinge im Kerngesch\u00e4ft und ihr Rechnungswesen in professionellen H\u00e4nden wissen wollen, sind Sie bei uns richtig!&#8220;<\/h1>\n\n\n\n<div style=\"height:20px\" aria-hidden=\"true\" class=\"wp-block-spacer\"><\/div>\n\n\n\n<p class=\"has-text-align-center\">&#8230; <strong>Buchhaltung<\/strong> zu flexiblen Zeiten.<br>&#8230; <strong>Buchhaltung<\/strong> wenn gew\u00fcnscht vor Ort.<br>&#8230; <strong>Buchhaltung<\/strong> zu g\u00fcnstigen Konditionen.<br>&#8230; <strong>Buchhaltung<\/strong> von einem kompetenten Partner.<\/p>\n\n\n\n<p class=\"has-text-align-center\">Wir arbeiten mit BMD.<\/p>\n\n\n\n<p><\/p>\n\n\n\n<p><\/p>\n\n\n\n<p class=\"has-text-align-center\"><\/p>\n","protected":false},"excerpt":{"rendered":"<p>Vertrauenssache Bilanzbuchhaltung EBERL OG &#8222;Wenn Sie selbst den Kopf frei brauchen f\u00fcr die wesentlichen Dinge im Kerngesch\u00e4ft und ihr Rechnungswesen in professionellen H\u00e4nden wissen wollen, sind Sie bei uns richtig!&#8220; &#8230; Buchhaltung zu flexiblen Zeiten.&#8230; &hellip; <a href=\"https:\/\/www.bilanz-buchhaltung.info\/vertrauenssache\/\">Weiterlesen<\/a><\/p>\n","protected":false},"author":1,"featured_media":0,"parent":0,"menu_order":0,"comment_status":"closed","ping_status":"closed","template":"nosidebar.php","meta":{"footnotes":""},"class_list":["post-2","page","type-page","status-publish","hentry"],"yoast_head":"<!-- This site is optimized with the Yoast SEO plugin v26.8 - https:\/\/yoast.com\/product\/yoast-seo-wordpress\/ -->\n<title>- VERTRAUENSSACHE BILANZBUCHHALTUNG<\/title>\n<meta name=\"robots\" content=\"index, follow, max-snippet:-1, max-image-preview:large, max-video-preview:-1\" \/>\n<link rel=\"canonical\" href=\"https:\/\/www.bilanz-buchhaltung.info\/vertrauenssache\/\" \/>\n<meta property=\"og:locale\" content=\"de_DE\" \/>\n<meta property=\"og:type\" content=\"article\" \/>\n<meta property=\"og:title\" content=\"- VERTRAUENSSACHE BILANZBUCHHALTUNG\" \/>\n<meta property=\"og:description\" content=\"Vertrauenssache Bilanzbuchhaltung EBERL OG &#8222;Wenn Sie selbst den Kopf frei brauchen f\u00fcr die wesentlichen Dinge im Kerngesch\u00e4ft und ihr Rechnungswesen in professionellen H\u00e4nden wissen wollen, sind Sie bei uns richtig!&#8220; &#8230; Buchhaltung zu flexiblen Zeiten.&#8230; &hellip; Weiterlesen\" \/>\n<meta property=\"og:url\" content=\"https:\/\/www.bilanz-buchhaltung.info\/vertrauenssache\/\" \/>\n<meta property=\"og:site_name\" content=\"VERTRAUENSSACHE BILANZBUCHHALTUNG\" \/>\n<meta property=\"article:publisher\" content=\"https:\/\/www.facebook.com\/vertrauenssache.bilanzbuchhaltung\" \/>\n<meta property=\"article:modified_time\" content=\"2026-01-07T08:27:13+00:00\" \/>\n<meta name=\"twitter:card\" content=\"summary_large_image\" \/>\n<meta name=\"twitter:label1\" content=\"Gesch\u00e4tzte Lesezeit\" \/>\n\t<meta name=\"twitter:data1\" content=\"1\u00a0Minute\" \/>\n<script type=\"application\/ld+json\" class=\"yoast-schema-graph\">{\"@context\":\"https:\/\/schema.org\",\"@graph\":[{\"@type\":\"WebPage\",\"@id\":\"https:\/\/www.bilanz-buchhaltung.info\/vertrauenssache\/\",\"url\":\"https:\/\/www.bilanz-buchhaltung.info\/vertrauenssache\/\",\"name\":\"- VERTRAUENSSACHE BILANZBUCHHALTUNG\",\"isPartOf\":{\"@id\":\"https:\/\/www.bilanz-buchhaltung.info\/vertrauenssache\/#website\"},\"datePublished\":\"2016-02-16T17:34:53+00:00\",\"dateModified\":\"2026-01-07T08:27:13+00:00\",\"inLanguage\":\"de\",\"potentialAction\":[{\"@type\":\"ReadAction\",\"target\":[\"https:\/\/www.bilanz-buchhaltung.info\/vertrauenssache\/\"]}]},{\"@type\":\"WebSite\",\"@id\":\"https:\/\/www.bilanz-buchhaltung.info\/vertrauenssache\/#website\",\"url\":\"https:\/\/www.bilanz-buchhaltung.info\/vertrauenssache\/\",\"name\":\"VERTRAUENSSACHE BILANZBUCHHALTUNG\",\"description\":\"EBERL OG\",\"publisher\":{\"@id\":\"https:\/\/www.bilanz-buchhaltung.info\/vertrauenssache\/#organization\"},\"potentialAction\":[{\"@type\":\"SearchAction\",\"target\":{\"@type\":\"EntryPoint\",\"urlTemplate\":\"https:\/\/www.bilanz-buchhaltung.info\/vertrauenssache\/?s={search_term_string}\"},\"query-input\":{\"@type\":\"PropertyValueSpecification\",\"valueRequired\":true,\"valueName\":\"search_term_string\"}}],\"inLanguage\":\"de\"},{\"@type\":\"Organization\",\"@id\":\"https:\/\/www.bilanz-buchhaltung.info\/vertrauenssache\/#organization\",\"name\":\"Bilanzbuchhaltung Anita Wolf-Eberl\",\"url\":\"https:\/\/www.bilanz-buchhaltung.info\/vertrauenssache\/\",\"logo\":{\"@type\":\"ImageObject\",\"inLanguage\":\"de\",\"@id\":\"https:\/\/www.bilanz-buchhaltung.info\/vertrauenssache\/#\/schema\/logo\/image\/\",\"url\":\"https:\/\/www.bilanz-buchhaltung.info\/vertrauenssache\/wp-content\/uploads\/2016\/02\/vertrauenssache-bilanzbuchhaltung.gif\",\"contentUrl\":\"https:\/\/www.bilanz-buchhaltung.info\/vertrauenssache\/wp-content\/uploads\/2016\/02\/vertrauenssache-bilanzbuchhaltung.gif\",\"width\":419,\"height\":109,\"caption\":\"Bilanzbuchhaltung Anita Wolf-Eberl\"},\"image\":{\"@id\":\"https:\/\/www.bilanz-buchhaltung.info\/vertrauenssache\/#\/schema\/logo\/image\/\"},\"sameAs\":[\"https:\/\/www.facebook.com\/vertrauenssache.bilanzbuchhaltung\"]}]}<\/script>\n<!-- \/ Yoast SEO plugin. -->","yoast_head_json":{"title":"- VERTRAUENSSACHE BILANZBUCHHALTUNG","robots":{"index":"index","follow":"follow","max-snippet":"max-snippet:-1","max-image-preview":"max-image-preview:large","max-video-preview":"max-video-preview:-1"},"canonical":"https:\/\/www.bilanz-buchhaltung.info\/vertrauenssache\/","og_locale":"de_DE","og_type":"article","og_title":"- VERTRAUENSSACHE BILANZBUCHHALTUNG","og_description":"Vertrauenssache Bilanzbuchhaltung EBERL OG &#8222;Wenn Sie selbst den Kopf frei brauchen f\u00fcr die wesentlichen Dinge im Kerngesch\u00e4ft und ihr Rechnungswesen in professionellen H\u00e4nden wissen wollen, sind Sie bei uns richtig!&#8220; &#8230; Buchhaltung zu flexiblen Zeiten.&#8230; &hellip; Weiterlesen","og_url":"https:\/\/www.bilanz-buchhaltung.info\/vertrauenssache\/","og_site_name":"VERTRAUENSSACHE BILANZBUCHHALTUNG","article_publisher":"https:\/\/www.facebook.com\/vertrauenssache.bilanzbuchhaltung","article_modified_time":"2026-01-07T08:27:13+00:00","twitter_card":"summary_large_image","twitter_misc":{"Gesch\u00e4tzte Lesezeit":"1\u00a0Minute"},"schema":{"@context":"https:\/\/schema.org","@graph":[{"@type":"WebPage","@id":"https:\/\/www.bilanz-buchhaltung.info\/vertrauenssache\/","url":"https:\/\/www.bilanz-buchhaltung.info\/vertrauenssache\/","name":"- VERTRAUENSSACHE BILANZBUCHHALTUNG","isPartOf":{"@id":"https:\/\/www.bilanz-buchhaltung.info\/vertrauenssache\/#website"},"datePublished":"2016-02-16T17:34:53+00:00","dateModified":"2026-01-07T08:27:13+00:00","inLanguage":"de","potentialAction":[{"@type":"ReadAction","target":["https:\/\/www.bilanz-buchhaltung.info\/vertrauenssache\/"]}]},{"@type":"WebSite","@id":"https:\/\/www.bilanz-buchhaltung.info\/vertrauenssache\/#website","url":"https:\/\/www.bilanz-buchhaltung.info\/vertrauenssache\/","name":"VERTRAUENSSACHE BILANZBUCHHALTUNG","description":"EBERL OG","publisher":{"@id":"https:\/\/www.bilanz-buchhaltung.info\/vertrauenssache\/#organization"},"potentialAction":[{"@type":"SearchAction","target":{"@type":"EntryPoint","urlTemplate":"https:\/\/www.bilanz-buchhaltung.info\/vertrauenssache\/?s={search_term_string}"},"query-input":{"@type":"PropertyValueSpecification","valueRequired":true,"valueName":"search_term_string"}}],"inLanguage":"de"},{"@type":"Organization","@id":"https:\/\/www.bilanz-buchhaltung.info\/vertrauenssache\/#organization","name":"Bilanzbuchhaltung Anita Wolf-Eberl","url":"https:\/\/www.bilanz-buchhaltung.info\/vertrauenssache\/","logo":{"@type":"ImageObject","inLanguage":"de","@id":"https:\/\/www.bilanz-buchhaltung.info\/vertrauenssache\/#\/schema\/logo\/image\/","url":"https:\/\/www.bilanz-buchhaltung.info\/vertrauenssache\/wp-content\/uploads\/2016\/02\/vertrauenssache-bilanzbuchhaltung.gif","contentUrl":"https:\/\/www.bilanz-buchhaltung.info\/vertrauenssache\/wp-content\/uploads\/2016\/02\/vertrauenssache-bilanzbuchhaltung.gif","width":419,"height":109,"caption":"Bilanzbuchhaltung Anita Wolf-Eberl"},"image":{"@id":"https:\/\/www.bilanz-buchhaltung.info\/vertrauenssache\/#\/schema\/logo\/image\/"},"sameAs":["https:\/\/www.facebook.com\/vertrauenssache.bilanzbuchhaltung"]}]}},"_links":{"self":[{"href":"https:\/\/www.bilanz-buchhaltung.info\/vertrauenssache\/wp-json\/wp\/v2\/pages\/2","targetHints":{"allow":["GET"]}}],"collection":[{"href":"https:\/\/www.bilanz-buchhaltung.info\/vertrauenssache\/wp-json\/wp\/v2\/pages"}],"about":[{"href":"https:\/\/www.bilanz-buchhaltung.info\/vertrauenssache\/wp-json\/wp\/v2\/types\/page"}],"author":[{"embeddable":true,"href":"https:\/\/www.bilanz-buchhaltung.info\/vertrauenssache\/wp-json\/wp\/v2\/users\/1"}],"replies":[{"embeddable":true,"href":"https:\/\/www.bilanz-buchhaltung.info\/vertrauenssache\/wp-json\/wp\/v2\/comments?post=2"}],"version-history":[{"count":139,"href":"https:\/\/www.bilanz-buchhaltung.info\/vertrauenssache\/wp-json\/wp\/v2\/pages\/2\/revisions"}],"predecessor-version":[{"id":1624,"href":"https:\/\/www.bilanz-buchhaltung.info\/vertrauenssache\/wp-json\/wp\/v2\/pages\/2\/revisions\/1624"}],"wp:attachment":[{"href":"https:\/\/www.bilanz-buchhaltung.info\/vertrauenssache\/wp-json\/wp\/v2\/media?parent=2"}],"curies":[{"name":"wp","href":"https:\/\/api.w.org\/{rel}","templated":true}]}}